{"id":252,"date":"2018-10-07T10:08:49","date_gmt":"2018-10-07T08:08:49","guid":{"rendered":"http:\/\/www.tomasoni.eu\/?page_id=252"},"modified":"2018-10-07T14:38:37","modified_gmt":"2018-10-07T12:38:37","slug":"mecanica-robotica-y-automatizacion-industrial","status":"publish","type":"page","link":"https:\/\/www.tomasoni.eu\/index.php\/es\/engineering-franciacorta-4\/mecanica-robotica-y-automatizacion-industrial\/","title":{"rendered":"Mec\u00e1nica, Rob\u00f3tica y Automatizaci\u00f3n Industrial"},"content":{"rendered":"","protected":false},"excerpt":{"rendered":"","protected":false},"author":1,"featured_media":0,"parent":249,"menu_order":0,"comment_status":"closed","ping_status":"closed","template":"","meta":{"footnotes":""},"class_list":["post-252","page","type-page","status-publish","hentry"],"_links":{"self":[{"href":"https:\/\/www.tomasoni.eu\/index.php\/wp-json\/wp\/v2\/pages\/252"}],"collection":[{"href":"https:\/\/www.tomasoni.eu\/index.php\/wp-json\/wp\/v2\/pages"}],"about":[{"href":"https:\/\/www.tomasoni.eu\/index.php\/wp-json\/wp\/v2\/types\/page"}],"author":[{"embeddable":true,"href":"https:\/\/www.tomasoni.eu\/index.php\/wp-json\/wp\/v2\/users\/1"}],"replies":[{"embeddable":true,"href":"https:\/\/www.tomasoni.eu\/index.php\/wp-json\/wp\/v2\/comments?post=252"}],"version-history":[{"count":1,"href":"https:\/\/www.tomasoni.eu\/index.php\/wp-json\/wp\/v2\/pages\/252\/revisions"}],"predecessor-version":[{"id":253,"href":"https:\/\/www.tomasoni.eu\/index.php\/wp-json\/wp\/v2\/pages\/252\/revisions\/253"}],"up":[{"embeddable":true,"href":"https:\/\/www.tomasoni.eu\/index.php\/wp-json\/wp\/v2\/pages\/249"}],"wp:attachment":[{"href":"https:\/\/www.tomasoni.eu\/index.php\/wp-json\/wp\/v2\/media?parent=252"}],"curies":[{"name":"wp","href":"https:\/\/api.w.org\/{rel}","templated":true}]}}